{"id":150,"date":"2017-01-24T15:40:43","date_gmt":"2017-01-24T15:40:43","guid":{"rendered":"http:\/\/demo.axlethemes.com\/business-club-pro\/?page_id=6"},"modified":"2020-02-02T09:54:48","modified_gmt":"2020-02-02T08:54:48","slug":"qui-suis-je-2","status":"publish","type":"page","link":"https:\/\/assistaulps.fr\/index.php\/qui-suis-je-2\/","title":{"rendered":"Qui suis-je"},"content":{"rendered":"\n<div class=\"wp-block-image is-style-circle-mask\"><figure class=\"aligncenter size-large\"><img loading=\"lazy\" decoding=\"async\" width=\"200\" height=\"200\" src=\"http:\/\/assistaulps.fr\/wp-content\/uploads\/2020\/02\/moi-2.jpg\" alt=\"\" class=\"wp-image-315\" srcset=\"https:\/\/assistaulps.fr\/wp-content\/uploads\/2020\/02\/moi-2.jpg 200w, https:\/\/assistaulps.fr\/wp-content\/uploads\/2020\/02\/moi-2-150x150.jpg 150w\" sizes=\"auto, (max-width: 200px) 100vw, 200px\" \/><\/figure><\/div>\n\n\n<h4>Apr\u00e8s plus de 15 ans d\u2019exp\u00e9riences dans les domaines de la gestion administrative, comptable et commerciale, et dans des secteurs divers et vari\u00e9s, je mets \u00e0 votre disposition mes comp\u00e9tences et services \u00e0 la carte, afin de r\u00e9pondre pr\u00e9cis\u00e9ment \u00e0 vos besoins.<\/h4>\n\n\n<p>Ils m&rsquo;ont fait confiance : <\/p>\n\n\n\n<figure class=\"wp-block-image size-large\"><img loading=\"lazy\" decoding=\"async\" width=\"1012\" height=\"713\" src=\"http:\/\/assistaulps.fr\/wp-content\/uploads\/2020\/01\/Capture-tous-les-logos-2.png\" alt=\"\" class=\"wp-image-230\" srcset=\"https:\/\/assistaulps.fr\/wp-content\/uploads\/2020\/01\/Capture-tous-les-logos-2.png 1012w, https:\/\/assistaulps.fr\/wp-content\/uploads\/2020\/01\/Capture-tous-les-logos-2-300x211.png 300w, https:\/\/assistaulps.fr\/wp-content\/uploads\/2020\/01\/Capture-tous-les-logos-2-768x541.png 768w, https:\/\/assistaulps.fr\/wp-content\/uploads\/2020\/01\/Capture-tous-les-logos-2-360x254.png 360w\" sizes=\"auto, (max-width: 1012px) 100vw, 1012px\" \/><\/figure>\n\n\n<h4>Dipl\u00f4mes et exp\u00e9riences =&nbsp; gage d&rsquo;un travail de qualit\u00e9<\/h4>\n<h4>BTS ASSISTANTE DE GESTION PMI\/PME (compl\u00e9t\u00e9 d&rsquo;un DU en Gestion)<\/h4>\n<h4>ANGLAIS COURANT<\/h4>\n\n\n<p><\/p>\n\n\n\n<p><\/p>\n\n\n\n<p> <\/p>\n","protected":false},"excerpt":{"rendered":"<p>Apr\u00e8s plus de 15 ans d\u2019exp\u00e9riences dans les domaines de la gestion administrative, comptable et commerciale, et dans des secteurs divers et vari\u00e9s, je mets \u00e0 votre disposition mes comp\u00e9tences et services \u00e0 la carte, afin de r\u00e9pondre pr\u00e9cis\u00e9ment \u00e0 vos besoins. Ils m&rsquo;ont fait confiance : Dipl\u00f4mes et exp\u00e9riences&hellip;<\/p>\n","protected":false},"author":1,"featured_media":0,"parent":0,"menu_order":0,"comment_status":"closed","ping_status":"closed","template":"","meta":{"footnotes":""},"class_list":["post-150","page","type-page","status-publish","hentry"],"_links":{"self":[{"href":"https:\/\/assistaulps.fr\/index.php\/wp-json\/wp\/v2\/pages\/150","targetHints":{"allow":["GET"]}}],"collection":[{"href":"https:\/\/assistaulps.fr\/index.php\/wp-json\/wp\/v2\/pages"}],"about":[{"href":"https:\/\/assistaulps.fr\/index.php\/wp-json\/wp\/v2\/types\/page"}],"author":[{"embeddable":true,"href":"https:\/\/assistaulps.fr\/index.php\/wp-json\/wp\/v2\/users\/1"}],"replies":[{"embeddable":true,"href":"https:\/\/assistaulps.fr\/index.php\/wp-json\/wp\/v2\/comments?post=150"}],"version-history":[{"count":9,"href":"https:\/\/assistaulps.fr\/index.php\/wp-json\/wp\/v2\/pages\/150\/revisions"}],"predecessor-version":[{"id":316,"href":"https:\/\/assistaulps.fr\/index.php\/wp-json\/wp\/v2\/pages\/150\/revisions\/316"}],"wp:attachment":[{"href":"https:\/\/assistaulps.fr\/index.php\/wp-json\/wp\/v2\/media?parent=150"}],"curies":[{"name":"wp","href":"https:\/\/api.w.org\/{rel}","templated":true}]}}