{"id":152,"date":"2017-01-24T15:41:49","date_gmt":"2017-01-24T15:41:49","guid":{"rendered":"http:\/\/demo.axlethemes.com\/business-club-pro\/?page_id=8"},"modified":"2024-01-26T17:32:41","modified_gmt":"2024-01-26T16:32:41","slug":"tarifs","status":"publish","type":"page","link":"https:\/\/assistaulps.fr\/index.php\/tarifs\/","title":{"rendered":"Tarifs"},"content":{"rendered":"<h4>A partir de 33\u20ac de l\u2019heure sur site de la Vall\u00e9e D\u2019Aulps<\/h4>\n<h4>Toute demande sera \u00e9tudi\u00e9e en tenant compte de votre besoin sp\u00e9cifique, ce tarif peut \u00eatre donc revu \u00e0 la hausse, ou \u00e0 la baisse en fonction de la dur\u00e9e de la prestation et de sa nature<\/h4>\n<h4>La prestation pourra s&rsquo;effectuer sur site ou \u00e0 domicile<\/h4>\n<h4>A noter que vous pouvez b\u00e9n\u00e9ficier d&rsquo;une r\u00e9duction d&rsquo;imp\u00f4t si vous \u00eates un particulier (50% cr\u00e9dit d&rsquo;imp\u00f4t)<\/h4>\n<h4>Tva non applicable selon article 293B du CGI<\/h4>\n","protected":false},"excerpt":{"rendered":"<p>A partir de 33\u20ac de l\u2019heure sur site de la Vall\u00e9e D\u2019Aulps Toute demande sera \u00e9tudi\u00e9e en tenant compte de votre besoin sp\u00e9cifique, ce tarif peut \u00eatre donc revu \u00e0 la hausse, ou \u00e0 la baisse en fonction de la dur\u00e9e de la prestation et de sa nature La prestation&hellip;<\/p>\n","protected":false},"author":1,"featured_media":0,"parent":0,"menu_order":0,"comment_status":"closed","ping_status":"closed","template":"","meta":{"footnotes":""},"class_list":["post-152","page","type-page","status-publish","hentry"],"_links":{"self":[{"href":"https:\/\/assistaulps.fr\/index.php\/wp-json\/wp\/v2\/pages\/152","targetHints":{"allow":["GET"]}}],"collection":[{"href":"https:\/\/assistaulps.fr\/index.php\/wp-json\/wp\/v2\/pages"}],"about":[{"href":"https:\/\/assistaulps.fr\/index.php\/wp-json\/wp\/v2\/types\/page"}],"author":[{"embeddable":true,"href":"https:\/\/assistaulps.fr\/index.php\/wp-json\/wp\/v2\/users\/1"}],"replies":[{"embeddable":true,"href":"https:\/\/assistaulps.fr\/index.php\/wp-json\/wp\/v2\/comments?post=152"}],"version-history":[{"count":5,"href":"https:\/\/assistaulps.fr\/index.php\/wp-json\/wp\/v2\/pages\/152\/revisions"}],"predecessor-version":[{"id":360,"href":"https:\/\/assistaulps.fr\/index.php\/wp-json\/wp\/v2\/pages\/152\/revisions\/360"}],"wp:attachment":[{"href":"https:\/\/assistaulps.fr\/index.php\/wp-json\/wp\/v2\/media?parent=152"}],"curies":[{"name":"wp","href":"https:\/\/api.w.org\/{rel}","templated":true}]}}