{"id":245,"date":"2020-01-12T08:39:45","date_gmt":"2020-01-12T07:39:45","guid":{"rendered":"http:\/\/assistaulps.fr\/?page_id=245"},"modified":"2024-01-26T17:26:37","modified_gmt":"2024-01-26T16:26:37","slug":"test","status":"publish","type":"page","link":"https:\/\/assistaulps.fr\/","title":{"rendered":"A VOTRE SERVICE"},"content":{"rendered":"\n<h2 class=\"wp-block-heading has-text-align-center\"><strong>\u00a0\u00a0\u00a0 Tel\u00a0: 06 32 04\u00a028 10<\/strong><\/h2>\n\n\n\n<p class=\"has-text-align-center has-vivid-cyan-blue-color has-text-color\" style=\"font-size:17px\"><strong>Artisans, professions lib\u00e9rales, PME\/PMI, associations, particuliers<\/strong><\/p>\n\n\n<p><!--StartFragment--><\/p>\n<h4 class=\"MsoNormal\" style=\"margin-bottom: 0.0001pt; text-align: center;\">&nbsp;<\/h4>\n<h4><!-- \/wp:post-content --><!--EndFragment--><\/h4>\n<h4><!-- wp:paragraph --><\/h4>\n<h4><!-- \/wp:paragraph --><\/h4>\n<h4><!--StartFragment--><\/h4>\n<h4><!--EndFragment--><\/h4>\n<h4><!-- wp:paragraph --><\/h4>\n<h4><!-- \/wp:paragraph --><\/h4>\n<h4><!-- wp:paragraph --><\/h4>\n<h4><!-- \/wp:paragraph --><\/h4>\n<h4><!--StartFragment--><\/h4>\n<h4><!--EndFragment--><\/h4>\n<h4><!-- wp:paragraph --><\/h4>\n<h4><!-- \/wp:paragraph --><\/h4>\n<h4><!--StartFragment--><\/h4>\n<h4 class=\"MsoNormal\" style=\"margin-bottom: 0.0001pt; text-align: center;\">Votre activit\u00e9 ne vous permet pas l\u2019embauche d\u2019un salari\u00e9 pour g\u00e9rer vos t\u00e2ches administratives ?<\/h4>\n<h4 style=\"text-align: center;\"><!-- \/wp:paragraph --><!-- wp:paragraph --><\/h4>\n<h4 class=\"MsoNormal\" style=\"margin-bottom: 0.0001pt; text-align: center;\">Que votre besoin soit d\u2019une heure, d\u2019une journ\u00e9e, l\u2019\u00e9t\u00e9 ou l\u2019hiver, je suis la solution&nbsp;!<\/h4>\n<h4 style=\"text-align: center;\"><!-- \/wp:paragraph --><!-- wp:paragraph --><\/h4>\n<h4 class=\"MsoNormal\" style=\"margin-bottom: 0.0001pt; text-align: center;\">Externalisez votre secr\u00e9tariat pour plus de libert\u00e9 ! et ma\u00eetrisez vos d\u00e9penses en toute qui\u00e9tude<\/h4>\n<p><!--EndFragment--><\/p>\n<\/p>","protected":false},"excerpt":{"rendered":"<p>\u00a0\u00a0\u00a0 Tel\u00a0: 06 32 04\u00a028 10 Artisans, professions lib\u00e9rales, PME\/PMI, associations, particuliers &nbsp; Votre activit\u00e9 ne vous permet pas l\u2019embauche d\u2019un salari\u00e9 pour g\u00e9rer vos t\u00e2ches administratives ? Que votre besoin soit d\u2019une heure, d\u2019une journ\u00e9e, l\u2019\u00e9t\u00e9 ou l\u2019hiver, je suis la solution&nbsp;! Externalisez votre secr\u00e9tariat pour plus de libert\u00e9&hellip;<\/p>\n","protected":false},"author":2,"featured_media":317,"parent":0,"menu_order":0,"comment_status":"closed","ping_status":"closed","template":"","meta":{"footnotes":""},"class_list":["post-245","page","type-page","status-publish","has-post-thumbnail","hentry"],"_links":{"self":[{"href":"https:\/\/assistaulps.fr\/index.php\/wp-json\/wp\/v2\/pages\/245","targetHints":{"allow":["GET"]}}],"collection":[{"href":"https:\/\/assistaulps.fr\/index.php\/wp-json\/wp\/v2\/pages"}],"about":[{"href":"https:\/\/assistaulps.fr\/index.php\/wp-json\/wp\/v2\/types\/page"}],"author":[{"embeddable":true,"href":"https:\/\/assistaulps.fr\/index.php\/wp-json\/wp\/v2\/users\/2"}],"replies":[{"embeddable":true,"href":"https:\/\/assistaulps.fr\/index.php\/wp-json\/wp\/v2\/comments?post=245"}],"version-history":[{"count":12,"href":"https:\/\/assistaulps.fr\/index.php\/wp-json\/wp\/v2\/pages\/245\/revisions"}],"predecessor-version":[{"id":359,"href":"https:\/\/assistaulps.fr\/index.php\/wp-json\/wp\/v2\/pages\/245\/revisions\/359"}],"wp:featuredmedia":[{"embeddable":true,"href":"https:\/\/assistaulps.fr\/index.php\/wp-json\/wp\/v2\/media\/317"}],"wp:attachment":[{"href":"https:\/\/assistaulps.fr\/index.php\/wp-json\/wp\/v2\/media?parent=245"}],"curies":[{"name":"wp","href":"https:\/\/api.w.org\/{rel}","templated":true}]}}